{"id":281,"date":"2023-04-27T12:29:30","date_gmt":"2023-04-27T12:29:30","guid":{"rendered":"https:\/\/businessexpertsus.com\/de\/?page_id=281"},"modified":"2023-05-12T10:10:05","modified_gmt":"2023-05-12T10:10:05","slug":"news","status":"publish","type":"page","link":"https:\/\/businessexpertsus.com\/de\/news\/","title":{"rendered":"News"},"content":{"rendered":"<p>[et_pb_section fb_built=&#8221;1&#8243; admin_label=&#8221;Header&#8221; _builder_version=&#8221;4.16&#8243; _module_preset=&#8221;default&#8221; background_enable_color=&#8221;off&#8221; custom_padding=&#8221;0px||||false|false&#8221; global_colors_info=&#8221;{}&#8221;][et_pb_row column_structure=&#8221;3_5,2_5&#8243; use_custom_gutter=&#8221;on&#8221; gutter_width=&#8221;1&#8243; make_equal=&#8221;on&#8221; _builder_version=&#8221;4.16&#8243; _module_preset=&#8221;default&#8221; custom_padding=&#8221;0px||0px||false|false&#8221; box_shadow_style=&#8221;preset4&#8243; box_shadow_horizontal=&#8221;-30vw&#8221; box_shadow_vertical=&#8221;0px&#8221; box_shadow_color=&#8221;#1D1D25&#8243; global_colors_info=&#8221;{}&#8221;][et_pb_column type=&#8221;3_5&#8243; _builder_version=&#8221;4.16&#8243; _module_preset=&#8221;default&#8221; background_color=&#8221;#1D1D25&#8243; custom_padding=&#8221;150px|40px|40px||false|false&#8221; custom_padding_tablet=&#8221;60px||60px||true|false&#8221; custom_padding_phone=&#8221;40px||40px||true|false&#8221; custom_padding_last_edited=&#8221;on|phone&#8221; global_colors_info=&#8221;{}&#8221;][et_pb_text _builder_version=&#8221;4.20.4&#8243; _module_preset=&#8221;e598b17a-9229-42f6-b238-019d6094332e&#8221; header_font=&#8221;Outfit|600|||||||&#8221; header_text_color=&#8221;#FFFFFF&#8221; header_font_size=&#8221;66px&#8221; header_line_height=&#8221;1.1em&#8221; custom_margin=&#8221;||0px||false|false&#8221; hover_enabled=&#8221;0&#8243; header_font_size_tablet=&#8221;40px&#8221; header_font_size_phone=&#8221;24px&#8221; header_font_size_last_edited=&#8221;on|phone&#8221; locked=&#8221;off&#8221; global_colors_info=&#8221;{}&#8221; sticky_enabled=&#8221;0&#8243;]<\/p>\n<h1>News<\/h1>\n<p>&nbsp;<\/p>\n<p>&nbsp;<\/p>\n<p>[\/et_pb_text][et_pb_divider color=&#8221;rgba(255,255,255,0.24)&#8221; divider_weight=&#8221;10px&#8221; divider_weight_tablet=&#8221;5px&#8221; divider_weight_phone=&#8221;5px&#8221; divider_weight_last_edited=&#8221;on|phone&#8221; _builder_version=&#8221;4.16&#8243; _module_preset=&#8221;default&#8221; max_width=&#8221;364px&#8221; custom_margin=&#8221;-6%||||false|false&#8221; custom_margin_tablet=&#8221;-3%||||false|false&#8221; custom_margin_phone=&#8221;-6%||||false|false&#8221; custom_margin_last_edited=&#8221;on|desktop&#8221; locked=&#8221;off&#8221; global_colors_info=&#8221;{}&#8221;][\/et_pb_divider][\/et_pb_column][et_pb_column type=&#8221;2_5&#8243; _builder_version=&#8221;4.16&#8243; _module_preset=&#8221;default&#8221; global_colors_info=&#8221;{}&#8221;][et_pb_image src=&#8221;https:\/\/businessexpertsus.com\/de\/wp-content\/uploads\/2023\/04\/news-business-experts.jpg&#8221; title_text=&#8221;news-business-experts&#8221; _builder_version=&#8221;4.20.4&#8243; _module_preset=&#8221;default&#8221; global_colors_info=&#8221;{}&#8221;][\/et_pb_image][et_pb_text _builder_version=&#8221;4.20.4&#8243; _module_preset=&#8221;7262e956-c376-4aa6-9642-c413f71527d0&#8243; text_font_size=&#8221;13px&#8221; text_line_height=&#8221;1.8em&#8221; link_text_color=&#8221;#666666&#8243; background_color=&#8221;#FFFFFF&#8221; custom_margin=&#8221;||0px||false|false&#8221; custom_padding=&#8221;40px|40px|40px|40px|true|true&#8221; custom_padding_tablet=&#8221;30px|30px|30px|30px|true|true&#8221; custom_padding_phone=&#8221;|20px||20px|true|true&#8221; custom_padding_last_edited=&#8221;on|phone&#8221; header_font_size_tablet=&#8221;55px&#8221; header_font_size_last_edited=&#8221;off|desktop&#8221; box_shadow_style=&#8221;preset3&#8243; box_shadow_vertical=&#8221;30px&#8221; box_shadow_blur=&#8221;60px&#8221; box_shadow_spread=&#8221;0px&#8221; box_shadow_color=&#8221;rgba(53,66,85,0.24)&#8221; locked=&#8221;off&#8221; global_colors_info=&#8221;{}&#8221;]<\/p>\n<p><span>Erhalten Sie die neuesten Nachrichten und Unternehmens-Updates von <span style=\"color: #000080;\">business experts<\/span> <span style=\"color: #ff0000;\">US <\/span>und Partnern auf der ganzen Welt.<\/span><\/p>\n<p>[\/et_pb_text][\/et_pb_column][\/et_pb_row][\/et_pb_section][et_pb_section fb_built=&#8221;1&#8243; admin_label=&#8221;Blog&#8221; _builder_version=&#8221;4.18.0&#8243; _module_preset=&#8221;default&#8221; collapsed=&#8221;on&#8221; global_colors_info=&#8221;{}&#8221;][et_pb_row _builder_version=&#8221;4.18.0&#8243; _module_preset=&#8221;default&#8221; global_colors_info=&#8221;{}&#8221;][et_pb_column type=&#8221;4_4&#8243; _builder_version=&#8221;4.18.0&#8243; _module_preset=&#8221;default&#8221; global_colors_info=&#8221;{}&#8221;][et_pb_blog fullwidth=&#8221;off&#8221; posts_number=&#8221;6&#8243; show_more=&#8221;on&#8221; show_author=&#8221;off&#8221; masonry_tile_background_color=&#8221;#FFFFFF&#8221; _builder_version=&#8221;4.20.4&#8243; _module_preset=&#8221;default&#8221; header_font=&#8221;|700|||||||&#8221; header_text_color=&#8221;gcid-acbd5969-9d5f-4bea-a694-e0e16adbbd29&#8243; header_font_size=&#8221;18px&#8221; body_font=&#8221;||||||||&#8221; meta_font=&#8221;|900||on|||||&#8221; meta_text_color=&#8221;#1E376F&#8221; meta_line_height=&#8221;1.2em&#8221; read_more_font=&#8221;|800||on|||||&#8221; read_more_text_color=&#8221;#A01F35&#8243; pagination_font=&#8221;Nunito Sans|900||on|||||&#8221; pagination_text_color=&#8221;gcid-6d7bd22a-fb70-4813-a84e-455e41a87331&#8243; header_font_size_tablet=&#8221;16px&#8221; header_font_size_phone=&#8221;15px&#8221; header_font_size_last_edited=&#8221;on|desktop&#8221; border_width_all=&#8221;0px&#8221; box_shadow_style=&#8221;preset1&#8243; box_shadow_horizontal=&#8221;8px&#8221; box_shadow_vertical=&#8221;14px&#8221; box_shadow_blur=&#8221;80px&#8221; box_shadow_color=&#8221;rgba(24,4,58,0.1)&#8221; locked=&#8221;off&#8221; global_colors_info=&#8221;{%22gcid-acbd5969-9d5f-4bea-a694-e0e16adbbd29%22:%91%22header_text_color%22%93,%22gcid-6d7bd22a-fb70-4813-a84e-455e41a87331%22:%91%22pagination_text_color%22%93}&#8221;][\/et_pb_blog][\/et_pb_column][\/et_pb_row][\/et_pb_section][et_pb_section fb_built=&#8221;1&#8243; admin_label=&#8221;Contact Form&#8221; _builder_version=&#8221;4.18.0&#8243; _module_preset=&#8221;default&#8221; background_color=&#8221;#1D1D25&#8243; custom_padding=&#8221;0px||0px||false|false&#8221; global_module=&#8221;85&#8243; saved_tabs=&#8221;all&#8221; global_colors_info=&#8221;{}&#8221;][et_pb_row column_structure=&#8221;1_2,1_2&#8243; _builder_version=&#8221;4.16&#8243; _module_preset=&#8221;default&#8221; custom_padding=&#8221;0px||0px||false|false&#8221; global_colors_info=&#8221;{}&#8221;][et_pb_column type=&#8221;1_2&#8243; _builder_version=&#8221;4.16&#8243; _module_preset=&#8221;default&#8221; background_enable_color=&#8221;off&#8221; custom_padding=&#8221;150px||||false|false&#8221; custom_padding_tablet=&#8221;60px||||false|false&#8221; custom_padding_phone=&#8221;40px||||false|false&#8221; custom_padding_last_edited=&#8221;on|phone&#8221; global_colors_info=&#8221;{}&#8221;][et_pb_text _builder_version=&#8221;4.19.0&#8243; _module_preset=&#8221;003e9429-8e11-4d9e-968b-8881092bbf81&#8243; header_2_font=&#8221;Outfit|600|||||||&#8221; header_2_text_color=&#8221;#FFFFFF&#8221; header_2_font_size=&#8221;48px&#8221; header_2_line_height=&#8221;1.1em&#8221; custom_margin=&#8221;||0px||false|false&#8221; header_2_font_size_tablet=&#8221;32px&#8221; header_2_font_size_phone=&#8221;20px&#8221; header_2_font_size_last_edited=&#8221;on|desktop&#8221; header_2_line_height_tablet=&#8221;1.2em&#8221; header_2_line_height_phone=&#8221;&#8221; header_2_line_height_last_edited=&#8221;on|phone&#8221; locked=&#8221;off&#8221; global_colors_info=&#8221;{}&#8221;]<\/p>\n<h2>Kontaktieren<\/h2>\n<p>[\/et_pb_text][et_pb_divider color=&#8221;rgba(255,255,255,0.24)&#8221; divider_weight=&#8221;5px&#8221; _builder_version=&#8221;4.18.0&#8243; _module_preset=&#8221;ce0e852d-65f7-4b50-97d9-c94701b6b484&#8243; max_width=&#8221;210px&#8221; height=&#8221;5px&#8221; custom_margin=&#8221;0px||30px||false|false&#8221; custom_margin_tablet=&#8221;-22px||||false|false&#8221; custom_margin_phone=&#8221;||||false|false&#8221; custom_margin_last_edited=&#8221;off|desktop&#8221; locked=&#8221;off&#8221; global_colors_info=&#8221;{}&#8221;][\/et_pb_divider][et_pb_contact_form use_spam_service=&#8221;on&#8221; recaptcha_list=&#8221;add_new_account&#8221; recaptcha_account_name=&#8221;businessexpertsus&#8221; recaptcha_site_key=&#8221;6LfgZzQjAAAAAJ5VGC-bXxmR6IWTesmHyOy3IuF5&#8243; recaptcha_secret_key=&#8221;6LfgZzQjAAAAANMMlEMOY0SFnxrtjjjpR1M8sdmK&#8221; email=&#8221;mikeu@businessexpertsus.com, admin@animasmarketing.com&#8221; custom_message=&#8221;Contact Form Footer||et_pb_line_break_holder||||et_pb_line_break_holder||Name: %%name%%||et_pb_line_break_holder||Email: %%email%%||et_pb_line_break_holder||Message: %%message%%&#8221; submit_button_text=&#8221;Absenden&#8221; _builder_version=&#8221;4.19.4&#8243; _module_preset=&#8221;4887c4ca-b556-4d68-8282-4de5bb2a0f5b&#8221; _unique_id=&#8221;aa6cf6df-65bb-48f9-9096-bb4d59fe5fd2&#8243; form_field_background_color=&#8221;#FFFFFF&#8221; form_field_text_color=&#8221;#000000&#8243; form_field_font=&#8221;|700|||||||&#8221; custom_button=&#8221;on&#8221; button_text_size=&#8221;14px&#8221; button_text_color=&#8221;#FFFFFF&#8221; button_bg_color=&#8221;#A01F35&#8243; button_border_width=&#8221;0px&#8221; button_border_radius=&#8221;0px&#8221; button_font=&#8221;|700|||||||&#8221; button_custom_margin=&#8221;8px||||false|false&#8221; button_custom_padding=&#8221;15px|30px|15px|30px|true|true&#8221; locked=&#8221;off&#8221; global_colors_info=&#8221;{}&#8221;][et_pb_contact_field field_id=&#8221;Name&#8221; field_title=&#8221;Name&#8221; fullwidth_field=&#8221;on&#8221; _builder_version=&#8221;4.18.0&#8243; _module_preset=&#8221;default&#8221; global_colors_info=&#8221;{}&#8221; button_text_size__hover_enabled=&#8221;off&#8221; button_one_text_size__hover_enabled=&#8221;off&#8221; button_two_text_size__hover_enabled=&#8221;off&#8221; button_text_color__hover_enabled=&#8221;off&#8221; button_one_text_color__hover_enabled=&#8221;off&#8221; button_two_text_color__hover_enabled=&#8221;off&#8221; button_border_width__hover_enabled=&#8221;off&#8221; button_one_border_width__hover_enabled=&#8221;off&#8221; button_two_border_width__hover_enabled=&#8221;off&#8221; button_border_color__hover_enabled=&#8221;off&#8221; button_one_border_color__hover_enabled=&#8221;off&#8221; button_two_border_color__hover_enabled=&#8221;off&#8221; button_border_radius__hover_enabled=&#8221;off&#8221; button_one_border_radius__hover_enabled=&#8221;off&#8221; button_two_border_radius__hover_enabled=&#8221;off&#8221; button_letter_spacing__hover_enabled=&#8221;off&#8221; button_one_letter_spacing__hover_enabled=&#8221;off&#8221; button_two_letter_spacing__hover_enabled=&#8221;off&#8221; button_bg_color__hover_enabled=&#8221;off&#8221; button_one_bg_color__hover_enabled=&#8221;off&#8221; button_two_bg_color__hover_enabled=&#8221;off&#8221;][\/et_pb_contact_field][et_pb_contact_field field_id=&#8221;Email&#8221; field_title=&#8221;Email&#8221; field_type=&#8221;email&#8221; fullwidth_field=&#8221;on&#8221; _builder_version=&#8221;4.18.0&#8243; _module_preset=&#8221;default&#8221; global_colors_info=&#8221;{}&#8221; button_text_size__hover_enabled=&#8221;off&#8221; button_one_text_size__hover_enabled=&#8221;off&#8221; button_two_text_size__hover_enabled=&#8221;off&#8221; button_text_color__hover_enabled=&#8221;off&#8221; button_one_text_color__hover_enabled=&#8221;off&#8221; button_two_text_color__hover_enabled=&#8221;off&#8221; button_border_width__hover_enabled=&#8221;off&#8221; button_one_border_width__hover_enabled=&#8221;off&#8221; button_two_border_width__hover_enabled=&#8221;off&#8221; button_border_color__hover_enabled=&#8221;off&#8221; button_one_border_color__hover_enabled=&#8221;off&#8221; button_two_border_color__hover_enabled=&#8221;off&#8221; button_border_radius__hover_enabled=&#8221;off&#8221; button_one_border_radius__hover_enabled=&#8221;off&#8221; button_two_border_radius__hover_enabled=&#8221;off&#8221; button_letter_spacing__hover_enabled=&#8221;off&#8221; button_one_letter_spacing__hover_enabled=&#8221;off&#8221; button_two_letter_spacing__hover_enabled=&#8221;off&#8221; button_bg_color__hover_enabled=&#8221;off&#8221; button_one_bg_color__hover_enabled=&#8221;off&#8221; button_two_bg_color__hover_enabled=&#8221;off&#8221;][\/et_pb_contact_field][et_pb_contact_field field_id=&#8221;Message&#8221; field_title=&#8221;Nachricht&#8221; field_type=&#8221;text&#8221; fullwidth_field=&#8221;on&#8221; _builder_version=&#8221;4.18.0&#8243; _module_preset=&#8221;default&#8221; global_colors_info=&#8221;{}&#8221; button_text_size__hover_enabled=&#8221;off&#8221; button_one_text_size__hover_enabled=&#8221;off&#8221; button_two_text_size__hover_enabled=&#8221;off&#8221; button_text_color__hover_enabled=&#8221;off&#8221; button_one_text_color__hover_enabled=&#8221;off&#8221; button_two_text_color__hover_enabled=&#8221;off&#8221; button_border_width__hover_enabled=&#8221;off&#8221; button_one_border_width__hover_enabled=&#8221;off&#8221; button_two_border_width__hover_enabled=&#8221;off&#8221; button_border_color__hover_enabled=&#8221;off&#8221; button_one_border_color__hover_enabled=&#8221;off&#8221; button_two_border_color__hover_enabled=&#8221;off&#8221; button_border_radius__hover_enabled=&#8221;off&#8221; button_one_border_radius__hover_enabled=&#8221;off&#8221; button_two_border_radius__hover_enabled=&#8221;off&#8221; button_letter_spacing__hover_enabled=&#8221;off&#8221; button_one_letter_spacing__hover_enabled=&#8221;off&#8221; button_two_letter_spacing__hover_enabled=&#8221;off&#8221; button_bg_color__hover_enabled=&#8221;off&#8221; button_one_bg_color__hover_enabled=&#8221;off&#8221; button_two_bg_color__hover_enabled=&#8221;off&#8221;][\/et_pb_contact_field][\/et_pb_contact_form][\/et_pb_column][et_pb_column type=&#8221;1_2&#8243; _builder_version=&#8221;4.16&#8243; _module_preset=&#8221;default&#8221; box_shadow_style=&#8221;preset4&#8243; box_shadow_horizontal=&#8221;300px&#8221; box_shadow_vertical=&#8221;0px&#8221; box_shadow_color=&#8221;#FFFFFF&#8221; global_colors_info=&#8221;{}&#8221;][et_pb_image src=&#8221;http:\/\/ishtiaq.sandbox.etdevs.com\/corporate\/wp-content\/uploads\/sites\/37\/2021\/12\/corporate_09.jpeg&#8221; title_text=&#8221;corporate_09&#8243; align=&#8221;right&#8221; _builder_version=&#8221;4.16&#8243; _module_preset=&#8221;default&#8221; max_height_tablet=&#8221;300px&#8221; max_height_phone=&#8221;&#8221; max_height_last_edited=&#8221;on|tablet&#8221; box_shadow_style=&#8221;preset2&#8243; box_shadow_horizontal=&#8221;0px&#8221; box_shadow_vertical=&#8221;60px&#8221; box_shadow_blur=&#8221;60px&#8221; box_shadow_color=&#8221;rgba(0,0,0,0.15)&#8221; global_colors_info=&#8221;{}&#8221;][\/et_pb_image][\/et_pb_column][\/et_pb_row][\/et_pb_section][et_pb_section fb_built=&#8221;1&#8243; admin_label=&#8221;Footer&#8221; _builder_version=&#8221;4.16&#8243; _module_preset=&#8221;default&#8221; global_module=&#8221;84&#8243; saved_tabs=&#8221;all&#8221; locked=&#8221;off&#8221; global_colors_info=&#8221;{}&#8221;][et_pb_row column_structure=&#8221;1_3,1_3,1_3&#8243; _builder_version=&#8221;4.16&#8243; _module_preset=&#8221;default&#8221; global_colors_info=&#8221;{}&#8221;][et_pb_column type=&#8221;1_3&#8243; _builder_version=&#8221;4.16&#8243; _module_preset=&#8221;default&#8221; global_colors_info=&#8221;{}&#8221;][et_pb_text _builder_version=&#8221;4.19.4&#8243; _module_preset=&#8221;5c989a74-8649-4b9a-a4a2-6d2b8ae2551c&#8221; header_4_font=&#8221;|700||on|||||&#8221; header_4_text_color=&#8221;#4C594C&#8221; header_4_font_size=&#8221;14px&#8221; header_4_letter_spacing=&#8221;0.2em&#8221; header_4_line_height=&#8221;1.5em&#8221; custom_margin=&#8221;||0px||false|false&#8221; locked=&#8221;off&#8221; global_colors_info=&#8221;{}&#8221;]<\/p>\n<h4>Unternehmen<\/h4>\n<p>[\/et_pb_text][et_pb_text _builder_version=&#8221;4.18.0&#8243; _module_preset=&#8221;7262e956-c376-4aa6-9642-c413f71527d0&#8243; text_font_size=&#8221;13px&#8221; text_line_height=&#8221;1.8em&#8221; link_text_color=&#8221;#666666&#8243; custom_margin=&#8221;||||false|false&#8221; header_font_size_tablet=&#8221;55px&#8221; header_font_size_last_edited=&#8221;off|desktop&#8221; locked=&#8221;off&#8221; global_colors_info=&#8221;{}&#8221;]<\/p>\n<p><a href=\"\/de\/about-us\">\u00dcber uns<\/a><\/p>\n<p><a href=\"\/de#testimonials\">Referenzen<\/a><\/p>\n<p>[\/et_pb_text][\/et_pb_column][et_pb_column type=&#8221;1_3&#8243; _builder_version=&#8221;4.16&#8243; _module_preset=&#8221;default&#8221; global_colors_info=&#8221;{}&#8221;][et_pb_text _builder_version=&#8221;4.18.0&#8243; _module_preset=&#8221;5c989a74-8649-4b9a-a4a2-6d2b8ae2551c&#8221; header_4_font=&#8221;|700||on|||||&#8221; header_4_text_color=&#8221;#4C594C&#8221; header_4_font_size=&#8221;14px&#8221; header_4_letter_spacing=&#8221;0.2em&#8221; header_4_line_height=&#8221;1.5em&#8221; custom_margin=&#8221;||0px||false|false&#8221; locked=&#8221;off&#8221; global_colors_info=&#8221;{}&#8221;]<\/p>\n<h4>Dienstleistungen<\/h4>\n<p>[\/et_pb_text][et_pb_text _builder_version=&#8221;4.19.0&#8243; _module_preset=&#8221;7262e956-c376-4aa6-9642-c413f71527d0&#8243; text_font_size=&#8221;13px&#8221; text_line_height=&#8221;1.8em&#8221; link_text_color=&#8221;#666666&#8243; custom_margin=&#8221;||||false|false&#8221; header_font_size_tablet=&#8221;55px&#8221; header_font_size_last_edited=&#8221;off|desktop&#8221; locked=&#8221;off&#8221; global_colors_info=&#8221;{}&#8221;]<\/p>\n<p><a href=\"\/de\/administrative-support\">Administrative Unterst\u00fctzung<\/a><\/p>\n<p><a href=\"\/de\/human-resources-support\">Personalunterst\u00fctzung<\/a><\/p>\n<p><a href=\"\/de\/marketing-and-sales\">Marketing und Vertrieb<\/a><\/p>\n<p><a href=\"\/de\/distribution\/\">Distribution und Standortsuche<\/a><\/p>\n<p>[\/et_pb_text][\/et_pb_column][et_pb_column type=&#8221;1_3&#8243; _builder_version=&#8221;4.16&#8243; _module_preset=&#8221;default&#8221; global_colors_info=&#8221;{}&#8221;][et_pb_text _builder_version=&#8221;4.18.0&#8243; _module_preset=&#8221;5c989a74-8649-4b9a-a4a2-6d2b8ae2551c&#8221; header_4_font=&#8221;|700||on|||||&#8221; header_4_text_color=&#8221;#4C594C&#8221; header_4_font_size=&#8221;14px&#8221; header_4_letter_spacing=&#8221;0.2em&#8221; header_4_line_height=&#8221;1.5em&#8221; custom_margin=&#8221;||0px||false|false&#8221; locked=&#8221;off&#8221; global_colors_info=&#8221;{}&#8221;]<\/p>\n<h4>Kontakt<\/h4>\n<p>[\/et_pb_text][et_pb_text _builder_version=&#8221;4.18.0&#8243; _module_preset=&#8221;7262e956-c376-4aa6-9642-c413f71527d0&#8243; text_font_size=&#8221;13px&#8221; text_line_height=&#8221;1.8em&#8221; link_text_color=&#8221;#666666&#8243; custom_margin=&#8221;||||false|false&#8221; header_font_size_tablet=&#8221;55px&#8221; header_font_size_last_edited=&#8221;off|desktop&#8221; locked=&#8221;off&#8221; global_colors_info=&#8221;{}&#8221;]<\/p>\n<p><a href=\"mailto:contact@businessexpertsUS.com\">contact@businessexpertsUS.com<\/a><\/p>\n<p>[\/et_pb_text][\/et_pb_column][\/et_pb_row][\/et_pb_section]<\/p>\n","protected":false},"excerpt":{"rendered":"<p>News &nbsp; &nbsp;Erhalten Sie die neuesten Nachrichten und Unternehmens-Updates von business experts US und Partnern auf der ganzen Welt.KontaktierenUnternehmen\u00dcber uns ReferenzenDienstleistungenAdministrative Unterst\u00fctzung Personalunterst\u00fctzung Marketing und Vertrieb Distribution und StandortsucheKontaktcontact@businessexpertsUS.com<\/p>\n","protected":false},"author":1,"featured_media":0,"parent":0,"menu_order":0,"comment_status":"closed","ping_status":"closed","template":"","meta":{"_et_pb_use_builder":"on","_et_pb_old_content":"","_et_gb_content_width":"","footnotes":""},"class_list":["post-281","page","type-page","status-publish","hentry"],"yoast_head":"<!-- This site is optimized with the Yoast SEO plugin v27.3 - https:\/\/yoast.com\/product\/yoast-seo-wordpress\/ -->\n<title>News - Business Experts US<\/title>\n<meta name=\"robots\" content=\"index, follow, max-snippet:-1, max-image-preview:large, max-video-preview:-1\" \/>\n<link rel=\"canonical\" href=\"https:\/\/businessexpertsus.com\/de\/news\/\" \/>\n<meta property=\"og:locale\" content=\"en_US\" \/>\n<meta property=\"og:type\" content=\"article\" \/>\n<meta property=\"og:title\" content=\"News - Business Experts US\" \/>\n<meta property=\"og:description\" content=\"News &nbsp; &nbsp;Erhalten Sie die neuesten Nachrichten und Unternehmens-Updates von business experts US und Partnern auf der ganzen Welt.KontaktierenUnternehmen\u00dcber uns ReferenzenDienstleistungenAdministrative Unterst\u00fctzung Personalunterst\u00fctzung Marketing und Vertrieb Distribution und StandortsucheKontaktcontact@businessexpertsUS.com\" \/>\n<meta property=\"og:url\" content=\"https:\/\/businessexpertsus.com\/de\/news\/\" \/>\n<meta property=\"og:site_name\" content=\"Business Experts US\" \/>\n<meta property=\"article:modified_time\" content=\"2023-05-12T10:10:05+00:00\" \/>\n<meta name=\"twitter:card\" content=\"summary_large_image\" \/>\n<script type=\"application\/ld+json\" class=\"yoast-schema-graph\">{\"@context\":\"https:\\\/\\\/schema.org\",\"@graph\":[{\"@type\":\"WebPage\",\"@id\":\"https:\\\/\\\/businessexpertsus.com\\\/de\\\/news\\\/\",\"url\":\"https:\\\/\\\/businessexpertsus.com\\\/de\\\/news\\\/\",\"name\":\"News - Business Experts US\",\"isPartOf\":{\"@id\":\"https:\\\/\\\/businessexpertsus.com\\\/de\\\/#website\"},\"datePublished\":\"2023-04-27T12:29:30+00:00\",\"dateModified\":\"2023-05-12T10:10:05+00:00\",\"breadcrumb\":{\"@id\":\"https:\\\/\\\/businessexpertsus.com\\\/de\\\/news\\\/#breadcrumb\"},\"inLanguage\":\"en-US\",\"potentialAction\":[{\"@type\":\"ReadAction\",\"target\":[\"https:\\\/\\\/businessexpertsus.com\\\/de\\\/news\\\/\"]}]},{\"@type\":\"BreadcrumbList\",\"@id\":\"https:\\\/\\\/businessexpertsus.com\\\/de\\\/news\\\/#breadcrumb\",\"itemListElement\":[{\"@type\":\"ListItem\",\"position\":1,\"name\":\"Home\",\"item\":\"https:\\\/\\\/businessexpertsus.com\\\/de\\\/\"},{\"@type\":\"ListItem\",\"position\":2,\"name\":\"News\"}]},{\"@type\":\"WebSite\",\"@id\":\"https:\\\/\\\/businessexpertsus.com\\\/de\\\/#website\",\"url\":\"https:\\\/\\\/businessexpertsus.com\\\/de\\\/\",\"name\":\"Business Experts US\",\"description\":\"Connect and Consult\",\"potentialAction\":[{\"@type\":\"SearchAction\",\"target\":{\"@type\":\"EntryPoint\",\"urlTemplate\":\"https:\\\/\\\/businessexpertsus.com\\\/de\\\/?s={search_term_string}\"},\"query-input\":{\"@type\":\"PropertyValueSpecification\",\"valueRequired\":true,\"valueName\":\"search_term_string\"}}],\"inLanguage\":\"en-US\"}]}<\/script>\n<!-- \/ Yoast SEO plugin. -->","yoast_head_json":{"title":"News - Business Experts US","robots":{"index":"index","follow":"follow","max-snippet":"max-snippet:-1","max-image-preview":"max-image-preview:large","max-video-preview":"max-video-preview:-1"},"canonical":"https:\/\/businessexpertsus.com\/de\/news\/","og_locale":"en_US","og_type":"article","og_title":"News - Business Experts US","og_description":"News &nbsp; &nbsp;Erhalten Sie die neuesten Nachrichten und Unternehmens-Updates von business experts US und Partnern auf der ganzen Welt.KontaktierenUnternehmen\u00dcber uns ReferenzenDienstleistungenAdministrative Unterst\u00fctzung Personalunterst\u00fctzung Marketing und Vertrieb Distribution und StandortsucheKontaktcontact@businessexpertsUS.com","og_url":"https:\/\/businessexpertsus.com\/de\/news\/","og_site_name":"Business Experts US","article_modified_time":"2023-05-12T10:10:05+00:00","twitter_card":"summary_large_image","schema":{"@context":"https:\/\/schema.org","@graph":[{"@type":"WebPage","@id":"https:\/\/businessexpertsus.com\/de\/news\/","url":"https:\/\/businessexpertsus.com\/de\/news\/","name":"News - Business Experts US","isPartOf":{"@id":"https:\/\/businessexpertsus.com\/de\/#website"},"datePublished":"2023-04-27T12:29:30+00:00","dateModified":"2023-05-12T10:10:05+00:00","breadcrumb":{"@id":"https:\/\/businessexpertsus.com\/de\/news\/#breadcrumb"},"inLanguage":"en-US","potentialAction":[{"@type":"ReadAction","target":["https:\/\/businessexpertsus.com\/de\/news\/"]}]},{"@type":"BreadcrumbList","@id":"https:\/\/businessexpertsus.com\/de\/news\/#breadcrumb","itemListElement":[{"@type":"ListItem","position":1,"name":"Home","item":"https:\/\/businessexpertsus.com\/de\/"},{"@type":"ListItem","position":2,"name":"News"}]},{"@type":"WebSite","@id":"https:\/\/businessexpertsus.com\/de\/#website","url":"https:\/\/businessexpertsus.com\/de\/","name":"Business Experts US","description":"Connect and Consult","potentialAction":[{"@type":"SearchAction","target":{"@type":"EntryPoint","urlTemplate":"https:\/\/businessexpertsus.com\/de\/?s={search_term_string}"},"query-input":{"@type":"PropertyValueSpecification","valueRequired":true,"valueName":"search_term_string"}}],"inLanguage":"en-US"}]}},"_links":{"self":[{"href":"https:\/\/businessexpertsus.com\/de\/wp-json\/wp\/v2\/pages\/281","targetHints":{"allow":["GET"]}}],"collection":[{"href":"https:\/\/businessexpertsus.com\/de\/wp-json\/wp\/v2\/pages"}],"about":[{"href":"https:\/\/businessexpertsus.com\/de\/wp-json\/wp\/v2\/types\/page"}],"author":[{"embeddable":true,"href":"https:\/\/businessexpertsus.com\/de\/wp-json\/wp\/v2\/users\/1"}],"replies":[{"embeddable":true,"href":"https:\/\/businessexpertsus.com\/de\/wp-json\/wp\/v2\/comments?post=281"}],"version-history":[{"count":5,"href":"https:\/\/businessexpertsus.com\/de\/wp-json\/wp\/v2\/pages\/281\/revisions"}],"predecessor-version":[{"id":300,"href":"https:\/\/businessexpertsus.com\/de\/wp-json\/wp\/v2\/pages\/281\/revisions\/300"}],"wp:attachment":[{"href":"https:\/\/businessexpertsus.com\/de\/wp-json\/wp\/v2\/media?parent=281"}],"curies":[{"name":"wp","href":"https:\/\/api.w.org\/{rel}","templated":true}]}}